{"id":1,"date":"2025-05-05T19:37:02","date_gmt":"2025-05-05T19:37:02","guid":{"rendered":"http:\/\/revolucionlatinaradio.com\/?page_id=1"},"modified":"2025-05-05T19:37:02","modified_gmt":"2025-05-05T19:37:02","slug":"acerca-de","status":"publish","type":"page","link":"https:\/\/revolucionlatinaradio.com\/?page_id=1","title":{"rendered":"Acerca de"},"content":{"rendered":"\n<p class=\"wp-block-paragraph\">Este es un ejemplo de p\u00e1gina. A diferencia de las entradas, que se muestran en la p\u00e1gina de inicio de tu blog en el orden en que se publicaron, las p\u00e1ginas se ajustan mejor a un contenido atemporal que usted quiere que sean m\u00e1s accesibles, como tus datos de contacto o la informaci\u00f3n acerca de ti. Haz clic en el enlace \u201cEditar\u201d para realizar cambios en esta p\u00e1gina o <a title=\"Enlace directo para a\u00f1adir una p\u00e1gina nueva en el escritorio\" href=\"https:\/\/wordpress.com\/page\/244224589\/new\/\">a\u00f1adir otra p\u00e1gina<\/a>.<\/p>\n","protected":false},"excerpt":{"rendered":"<p>Este es un ejemplo de p\u00e1gina. A diferencia de las entradas, que se muestran en la p\u00e1gina de inicio de tu blog en el orden en que se publicaron, las p\u00e1ginas se ajustan mejor a un contenido atemporal que usted quiere que sean m\u00e1s accesibles, como tus datos de contacto o la informaci\u00f3n acerca de [&hellip;]<\/p>\n","protected":false},"author":263937823,"featured_media":0,"parent":0,"menu_order":0,"comment_status":"closed","ping_status":"open","template":"","meta":{"_crdt_document":"","advanced_seo_description":"","jetpack_seo_html_title":"","jetpack_seo_noindex":false,"h5ap_radio_sources":[],"jetpack_post_was_ever_published":false,"footnotes":""},"class_list":["post-1","page","type-page","status-publish","hentry"],"jetpack_likes_enabled":true,"jetpack_sharing_enabled":true,"jetpack_shortlink":"https:\/\/wp.me\/PgwJYh-1","jetpack-related-posts":[],"_links":{"self":[{"href":"https:\/\/revolucionlatinaradio.com\/index.php?rest_route=\/wp\/v2\/pages\/1","targetHints":{"allow":["GET"]}}],"collection":[{"href":"https:\/\/revolucionlatinaradio.com\/index.php?rest_route=\/wp\/v2\/pages"}],"about":[{"href":"https:\/\/revolucionlatinaradio.com\/index.php?rest_route=\/wp\/v2\/types\/page"}],"author":[{"embeddable":true,"href":"https:\/\/revolucionlatinaradio.com\/index.php?rest_route=\/wp\/v2\/users\/263937823"}],"replies":[{"embeddable":true,"href":"https:\/\/revolucionlatinaradio.com\/index.php?rest_route=%2Fwp%2Fv2%2Fcomments&post=1"}],"version-history":[{"count":0,"href":"https:\/\/revolucionlatinaradio.com\/index.php?rest_route=\/wp\/v2\/pages\/1\/revisions"}],"wp:attachment":[{"href":"https:\/\/revolucionlatinaradio.com\/index.php?rest_route=%2Fwp%2Fv2%2Fmedia&parent=1"}],"curies":[{"name":"wp","href":"https:\/\/api.w.org\/{rel}","templated":true}]}}